{"id":36,"date":"2023-07-05T20:39:29","date_gmt":"2023-07-05T20:39:29","guid":{"rendered":"http:\/\/editionsarbreblanc.com\/?page_id=36"},"modified":"2023-07-18T04:56:19","modified_gmt":"2023-07-18T04:56:19","slug":"le-royaume-dacier","status":"publish","type":"page","link":"https:\/\/editionsarbreblanc.com\/","title":{"rendered":"Le Royaume d&#8217;Acier&#8230;"},"content":{"rendered":"\t\t<div data-elementor-type=\"wp-page\" data-elementor-id=\"36\" class=\"elementor elementor-36\">\n\t\t\t\t\t\t<section class=\"elementor-section elementor-top-section elementor-element elementor-element-af03503 elementor-section-boxed elementor-section-height-default elementor-section-height-default\" data-id=\"af03503\" data-element_type=\"section\" data-e-type=\"section\" data-settings=\"{&quot;background_background&quot;:&quot;classic&quot;}\">\n\t\t\t\t\t\t<div class=\"elementor-container elementor-column-gap-default\">\n\t\t\t\t\t<div class=\"elementor-column elementor-col-33 elementor-top-column elementor-element elementor-element-9df864c\" data-id=\"9df864c\" data-element_type=\"column\" data-e-type=\"column\">\n\t\t\t<div class=\"elementor-widget-wrap\">\n\t\t\t\t\t\t\t<\/div>\n\t\t<\/div>\n\t\t\t\t<div class=\"elementor-column elementor-col-33 elementor-top-column elementor-element elementor-element-975db80\" data-id=\"975db80\" data-element_type=\"column\" data-e-type=\"column\">\n\t\t\t<div class=\"elementor-widget-wrap\">\n\t\t\t\t\t\t\t<\/div>\n\t\t<\/div>\n\t\t\t\t<div class=\"elementor-column elementor-col-33 elementor-top-column elementor-element elementor-element-0e0b0f1\" data-id=\"0e0b0f1\" data-element_type=\"column\" data-e-type=\"column\">\n\t\t\t<div class=\"elementor-widget-wrap elementor-element-populated\">\n\t\t\t\t\t\t<div class=\"elementor-element elementor-element-0be510a elementor-widget elementor-widget-heading\" data-id=\"0be510a\" data-element_type=\"widget\" data-e-type=\"widget\" data-widget_type=\"heading.default\">\n\t\t\t\t<div class=\"elementor-widget-container\">\n\t\t\t\t\t<h2 class=\"elementor-heading-title elementor-size-large\">... enfin disponible !<\/h2>\t\t\t\t<\/div>\n\t\t\t\t<\/div>\n\t\t\t\t\t<\/div>\n\t\t<\/div>\n\t\t\t\t\t<\/div>\n\t\t<\/section>\n\t\t\t\t<section class=\"elementor-section elementor-top-section elementor-element elementor-element-457a466 elementor-section-boxed elementor-section-height-default elementor-section-height-default\" data-id=\"457a466\" data-element_type=\"section\" data-e-type=\"section\" data-settings=\"{&quot;background_background&quot;:&quot;classic&quot;}\">\n\t\t\t\t\t\t<div class=\"elementor-container elementor-column-gap-default\">\n\t\t\t\t\t<div class=\"elementor-column elementor-col-16 elementor-top-column elementor-element elementor-element-ad6ebcc\" data-id=\"ad6ebcc\" data-element_type=\"column\" data-e-type=\"column\">\n\t\t\t<div class=\"elementor-widget-wrap elementor-element-populated\">\n\t\t\t\t\t\t<div class=\"elementor-element elementor-element-af90097 elementor-widget elementor-widget-image\" data-id=\"af90097\" data-element_type=\"widget\" data-e-type=\"widget\" data-widget_type=\"image.default\">\n\t\t\t\t<div class=\"elementor-widget-container\">\n\t\t\t\t\t\t\t\t\t\t\t\t<figure class=\"wp-caption\">\n\t\t\t\t\t\t\t\t\t\t\t<a href=\"https:\/\/editionsarbreblanc.com\/wp-content\/uploads\/2023\/07\/1ecouv-scaled.jpg\" data-elementor-open-lightbox=\"yes\" data-elementor-lightbox-title=\"1ecouv\" data-e-action-hash=\"#elementor-action%3Aaction%3Dlightbox%26settings%3DeyJpZCI6MjI3LCJ1cmwiOiJodHRwczpcL1wvZWRpdGlvbnNhcmJyZWJsYW5jLmNvbVwvd3AtY29udGVudFwvdXBsb2Fkc1wvMjAyM1wvMDdcLzFlY291di1zY2FsZWQuanBnIn0%3D\">\n\t\t\t\t\t\t\t<img fetchpriority=\"high\" decoding=\"async\" width=\"733\" height=\"1024\" src=\"https:\/\/editionsarbreblanc.com\/wp-content\/uploads\/2023\/07\/1ecouv-733x1024.jpg\" class=\"attachment-large size-large wp-image-227\" alt=\"\" srcset=\"https:\/\/editionsarbreblanc.com\/wp-content\/uploads\/2023\/07\/1ecouv-733x1024.jpg 733w, https:\/\/editionsarbreblanc.com\/wp-content\/uploads\/2023\/07\/1ecouv-215x300.jpg 215w, https:\/\/editionsarbreblanc.com\/wp-content\/uploads\/2023\/07\/1ecouv-768x1073.jpg 768w, https:\/\/editionsarbreblanc.com\/wp-content\/uploads\/2023\/07\/1ecouv-1099x1536.jpg 1099w, https:\/\/editionsarbreblanc.com\/wp-content\/uploads\/2023\/07\/1ecouv-1466x2048.jpg 1466w, https:\/\/editionsarbreblanc.com\/wp-content\/uploads\/2023\/07\/1ecouv-scaled.jpg 1832w\" sizes=\"(max-width: 733px) 100vw, 733px\" \/>\t\t\t\t\t\t\t\t<\/a>\n\t\t\t\t\t\t\t\t\t\t\t<figcaption class=\"widget-image-caption wp-caption-text\"><\/figcaption>\n\t\t\t\t\t\t\t\t\t\t<\/figure>\n\t\t\t\t\t\t\t\t\t<\/div>\n\t\t\t\t<\/div>\n\t\t\t\t\t<\/div>\n\t\t<\/div>\n\t\t\t\t<div class=\"elementor-column elementor-col-16 elementor-top-column elementor-element elementor-element-1ac578b\" data-id=\"1ac578b\" data-element_type=\"column\" data-e-type=\"column\">\n\t\t\t<div class=\"elementor-widget-wrap elementor-element-populated\">\n\t\t\t\t\t\t<div class=\"elementor-element elementor-element-7a03507 elementor-widget elementor-widget-image\" data-id=\"7a03507\" data-element_type=\"widget\" data-e-type=\"widget\" data-widget_type=\"image.default\">\n\t\t\t\t<div class=\"elementor-widget-container\">\n\t\t\t\t\t\t\t\t\t\t\t\t<figure class=\"wp-caption\">\n\t\t\t\t\t\t\t\t\t\t\t<a href=\"https:\/\/editionsarbreblanc.com\/wp-content\/uploads\/2023\/07\/4ecouv-scaled.jpg\" data-elementor-open-lightbox=\"yes\" data-elementor-lightbox-title=\"4ecouv\" data-e-action-hash=\"#elementor-action%3Aaction%3Dlightbox%26settings%3DeyJpZCI6MjI4LCJ1cmwiOiJodHRwczpcL1wvZWRpdGlvbnNhcmJyZWJsYW5jLmNvbVwvd3AtY29udGVudFwvdXBsb2Fkc1wvMjAyM1wvMDdcLzRlY291di1zY2FsZWQuanBnIn0%3D\">\n\t\t\t\t\t\t\t<img decoding=\"async\" width=\"733\" height=\"1024\" src=\"https:\/\/editionsarbreblanc.com\/wp-content\/uploads\/2023\/07\/4ecouv-733x1024.jpg\" class=\"attachment-large size-large wp-image-228\" alt=\"\" srcset=\"https:\/\/editionsarbreblanc.com\/wp-content\/uploads\/2023\/07\/4ecouv-733x1024.jpg 733w, https:\/\/editionsarbreblanc.com\/wp-content\/uploads\/2023\/07\/4ecouv-215x300.jpg 215w, https:\/\/editionsarbreblanc.com\/wp-content\/uploads\/2023\/07\/4ecouv-768x1072.jpg 768w, https:\/\/editionsarbreblanc.com\/wp-content\/uploads\/2023\/07\/4ecouv-1100x1536.jpg 1100w, https:\/\/editionsarbreblanc.com\/wp-content\/uploads\/2023\/07\/4ecouv-1467x2048.jpg 1467w, https:\/\/editionsarbreblanc.com\/wp-content\/uploads\/2023\/07\/4ecouv-scaled.jpg 1833w\" sizes=\"(max-width: 733px) 100vw, 733px\" \/>\t\t\t\t\t\t\t\t<\/a>\n\t\t\t\t\t\t\t\t\t\t\t<figcaption class=\"widget-image-caption wp-caption-text\"><\/figcaption>\n\t\t\t\t\t\t\t\t\t\t<\/figure>\n\t\t\t\t\t\t\t\t\t<\/div>\n\t\t\t\t<\/div>\n\t\t\t\t\t<\/div>\n\t\t<\/div>\n\t\t\t\t<div class=\"elementor-column elementor-col-66 elementor-top-column elementor-element elementor-element-cd97b04\" data-id=\"cd97b04\" data-element_type=\"column\" data-e-type=\"column\">\n\t\t\t<div class=\"elementor-widget-wrap elementor-element-populated\">\n\t\t\t\t\t\t<div class=\"elementor-element elementor-element-3422b7d elementor-widget elementor-widget-text-editor\" data-id=\"3422b7d\" data-element_type=\"widget\" data-e-type=\"widget\" data-widget_type=\"text-editor.default\">\n\t\t\t\t<div class=\"elementor-widget-container\">\n\t\t\t\t\t\t\t\t\t<p>Premier roman du jeune auteur\u00a0J\u00e9r\u00e9my Billiot,\u00a0passionn\u00e9 par le b\u00e9hourd,\u00a0<em>le Royaume d&#8217;Acier<\/em>\u00a0vous plonge dans une \u00e9pop\u00e9e m\u00e9di\u00e9vale, \u00e0 la suite du h\u00e9ros Jeremias. De rebondissements en rebondissements, il va falloir \u00eatre entrain\u00e9 pour suivre le rythme&#8230;<\/p>\t\t\t\t\t\t\t\t<\/div>\n\t\t\t\t<\/div>\n\t\t\t\t\t<\/div>\n\t\t<\/div>\n\t\t\t\t\t<\/div>\n\t\t<\/section>\n\t\t\t\t<section class=\"elementor-section elementor-top-section elementor-element elementor-element-71c806a elementor-section-height-min-height elementor-section-boxed elementor-section-height-default elementor-section-items-middle\" data-id=\"71c806a\" data-element_type=\"section\" data-e-type=\"section\" data-settings=\"{&quot;background_background&quot;:&quot;classic&quot;}\">\n\t\t\t\t\t\t<div class=\"elementor-container elementor-column-gap-default\">\n\t\t\t\t\t<div class=\"elementor-column elementor-col-33 elementor-top-column elementor-element elementor-element-dbf2842\" data-id=\"dbf2842\" data-element_type=\"column\" data-e-type=\"column\">\n\t\t\t<div class=\"elementor-widget-wrap elementor-element-populated\">\n\t\t\t\t\t\t<div class=\"elementor-element elementor-element-d60d998 elementor-widget elementor-widget-text-editor\" data-id=\"d60d998\" data-element_type=\"widget\" data-e-type=\"widget\" data-widget_type=\"text-editor.default\">\n\t\t\t\t<div class=\"elementor-widget-container\">\n\t\t\t\t\t\t\t\t\t<p style=\"text-align: center;\">Prix du livre : 22 \u20ac TTC<\/p>\n<p style=\"text-align: center;\">(exp\u00e9dition : \u00e0 partir du lundi 17 juillet 2023)<\/p>\t\t\t\t\t\t\t\t<\/div>\n\t\t\t\t<\/div>\n\t\t\t\t\t<\/div>\n\t\t<\/div>\n\t\t\t\t<div class=\"elementor-column elementor-col-33 elementor-top-column elementor-element elementor-element-3aa7815\" data-id=\"3aa7815\" data-element_type=\"column\" data-e-type=\"column\">\n\t\t\t<div class=\"elementor-widget-wrap elementor-element-populated\">\n\t\t\t\t\t\t<div class=\"elementor-element elementor-element-502ed47 elementor-align-center elementor-widget elementor-widget-button\" data-id=\"502ed47\" data-element_type=\"widget\" data-e-type=\"widget\" data-widget_type=\"button.default\">\n\t\t\t\t<div class=\"elementor-widget-container\">\n\t\t\t\t\t\t\t\t\t<div class=\"elementor-button-wrapper\">\n\t\t\t\t\t<a class=\"elementor-button elementor-button-link elementor-size-xs\" href=\"https:\/\/buy.stripe.com\/dR64iNe2hazYbgk288\" target=\"_blank\">\n\t\t\t\t\t\t<span class=\"elementor-button-content-wrapper\">\n\t\t\t\t\t\t<span class=\"elementor-button-icon\">\n\t\t\t\t<i aria-hidden=\"true\" class=\"fas fa-book-open\"><\/i>\t\t\t<\/span>\n\t\t\t\t\t\t\t\t\t<span class=\"elementor-button-text\">Achetez le livre ici !<\/span>\n\t\t\t\t\t<\/span>\n\t\t\t\t\t<\/a>\n\t\t\t\t<\/div>\n\t\t\t\t\t\t\t\t<\/div>\n\t\t\t\t<\/div>\n\t\t\t\t\t<\/div>\n\t\t<\/div>\n\t\t\t\t<div class=\"elementor-column elementor-col-33 elementor-top-column elementor-element elementor-element-7e422b0\" data-id=\"7e422b0\" data-element_type=\"column\" data-e-type=\"column\">\n\t\t\t<div class=\"elementor-widget-wrap elementor-element-populated\">\n\t\t\t\t\t\t<div class=\"elementor-element elementor-element-c0fd852 elementor-widget elementor-widget-text-editor\" data-id=\"c0fd852\" data-element_type=\"widget\" data-e-type=\"widget\" data-widget_type=\"text-editor.default\">\n\t\t\t\t<div class=\"elementor-widget-container\">\n\t\t\t\t\t\t\t\t\t<p>Une question ? Contactez-nous par mail <span style=\"font-size: 14px; color: var( --e-global-color-text );\">editionsarbreblanc@gmail.com<\/span><\/p>\t\t\t\t\t\t\t\t<\/div>\n\t\t\t\t<\/div>\n\t\t\t\t\t<\/div>\n\t\t<\/div>\n\t\t\t\t\t<\/div>\n\t\t<\/section>\n\t\t\t\t<section class=\"elementor-section elementor-top-section elementor-element elementor-element-fbed59b elementor-section-boxed elementor-section-height-default elementor-section-height-default\" data-id=\"fbed59b\" data-element_type=\"section\" data-e-type=\"section\" data-settings=\"{&quot;background_background&quot;:&quot;classic&quot;}\">\n\t\t\t\t\t\t<div class=\"elementor-container elementor-column-gap-default\">\n\t\t\t\t\t<div class=\"elementor-column elementor-col-100 elementor-top-column elementor-element elementor-element-9c4a7a8\" data-id=\"9c4a7a8\" data-element_type=\"column\" data-e-type=\"column\">\n\t\t\t<div class=\"elementor-widget-wrap elementor-element-populated\">\n\t\t\t\t\t\t<div class=\"elementor-element elementor-element-ff10dfd elementor-arrows-position-inside elementor-pagination-position-outside elementor-widget elementor-widget-image-carousel\" data-id=\"ff10dfd\" data-element_type=\"widget\" data-e-type=\"widget\" data-settings=\"{&quot;slides_to_show&quot;:&quot;9&quot;,&quot;navigation&quot;:&quot;both&quot;,&quot;autoplay&quot;:&quot;yes&quot;,&quot;pause_on_hover&quot;:&quot;yes&quot;,&quot;pause_on_interaction&quot;:&quot;yes&quot;,&quot;autoplay_speed&quot;:5000,&quot;infinite&quot;:&quot;yes&quot;,&quot;speed&quot;:500}\" data-widget_type=\"image-carousel.default\">\n\t\t\t\t<div class=\"elementor-widget-container\">\n\t\t\t\t\t\t\t<div class=\"elementor-image-carousel-wrapper swiper\" role=\"region\" aria-roledescription=\"carousel\" aria-label=\"Image Carousel\" dir=\"ltr\">\n\t\t\t<div class=\"elementor-image-carousel swiper-wrapper\" aria-live=\"off\">\n\t\t\t\t\t\t\t\t<div class=\"swiper-slide\" role=\"group\" aria-roledescription=\"slide\" aria-label=\"1 of 9\"><a data-elementor-open-lightbox=\"yes\" data-elementor-lightbox-slideshow=\"ff10dfd\" data-elementor-lightbox-title=\"P1000323\" data-e-action-hash=\"#elementor-action%3Aaction%3Dlightbox%26settings%3DeyJpZCI6MjQsInVybCI6Imh0dHBzOlwvXC9lZGl0aW9uc2FyYnJlYmxhbmMuY29tXC93cC1jb250ZW50XC91cGxvYWRzXC8yMDIzXC8wN1wvUDEwMDAzMjMtc2NhbGVkLmpwZyIsInNsaWRlc2hvdyI6ImZmMTBkZmQifQ%3D%3D\" href=\"https:\/\/editionsarbreblanc.com\/wp-content\/uploads\/2023\/07\/P1000323-scaled.jpg\"><figure class=\"swiper-slide-inner\"><img decoding=\"async\" class=\"swiper-slide-image\" src=\"https:\/\/editionsarbreblanc.com\/wp-content\/uploads\/2023\/07\/P1000323-150x150.jpg\" alt=\"P1000323\" \/><\/figure><\/a><\/div><div class=\"swiper-slide\" role=\"group\" aria-roledescription=\"slide\" aria-label=\"2 of 9\"><a data-elementor-open-lightbox=\"yes\" data-elementor-lightbox-slideshow=\"ff10dfd\" data-elementor-lightbox-title=\"P1000322\" data-e-action-hash=\"#elementor-action%3Aaction%3Dlightbox%26settings%3DeyJpZCI6MjMsInVybCI6Imh0dHBzOlwvXC9lZGl0aW9uc2FyYnJlYmxhbmMuY29tXC93cC1jb250ZW50XC91cGxvYWRzXC8yMDIzXC8wN1wvUDEwMDAzMjItc2NhbGVkLmpwZyIsInNsaWRlc2hvdyI6ImZmMTBkZmQifQ%3D%3D\" href=\"https:\/\/editionsarbreblanc.com\/wp-content\/uploads\/2023\/07\/P1000322-scaled.jpg\"><figure class=\"swiper-slide-inner\"><img decoding=\"async\" class=\"swiper-slide-image\" src=\"https:\/\/editionsarbreblanc.com\/wp-content\/uploads\/2023\/07\/P1000322-150x150.jpg\" alt=\"P1000322\" \/><\/figure><\/a><\/div><div class=\"swiper-slide\" role=\"group\" aria-roledescription=\"slide\" aria-label=\"3 of 9\"><a data-elementor-open-lightbox=\"yes\" data-elementor-lightbox-slideshow=\"ff10dfd\" data-elementor-lightbox-title=\"P1000318\" data-e-action-hash=\"#elementor-action%3Aaction%3Dlightbox%26settings%3DeyJpZCI6MjAsInVybCI6Imh0dHBzOlwvXC9lZGl0aW9uc2FyYnJlYmxhbmMuY29tXC93cC1jb250ZW50XC91cGxvYWRzXC8yMDIzXC8wN1wvUDEwMDAzMTgtc2NhbGVkLmpwZyIsInNsaWRlc2hvdyI6ImZmMTBkZmQifQ%3D%3D\" href=\"https:\/\/editionsarbreblanc.com\/wp-content\/uploads\/2023\/07\/P1000318-scaled.jpg\"><figure class=\"swiper-slide-inner\"><img decoding=\"async\" class=\"swiper-slide-image\" src=\"https:\/\/editionsarbreblanc.com\/wp-content\/uploads\/2023\/07\/P1000318-150x150.jpg\" alt=\"P1000318\" \/><\/figure><\/a><\/div><div class=\"swiper-slide\" role=\"group\" aria-roledescription=\"slide\" aria-label=\"4 of 9\"><a data-elementor-open-lightbox=\"yes\" data-elementor-lightbox-slideshow=\"ff10dfd\" data-elementor-lightbox-title=\"P1000315\" data-e-action-hash=\"#elementor-action%3Aaction%3Dlightbox%26settings%3DeyJpZCI6MTgsInVybCI6Imh0dHBzOlwvXC9lZGl0aW9uc2FyYnJlYmxhbmMuY29tXC93cC1jb250ZW50XC91cGxvYWRzXC8yMDIzXC8wN1wvUDEwMDAzMTUtc2NhbGVkLmpwZyIsInNsaWRlc2hvdyI6ImZmMTBkZmQifQ%3D%3D\" href=\"https:\/\/editionsarbreblanc.com\/wp-content\/uploads\/2023\/07\/P1000315-scaled.jpg\"><figure class=\"swiper-slide-inner\"><img decoding=\"async\" class=\"swiper-slide-image\" src=\"https:\/\/editionsarbreblanc.com\/wp-content\/uploads\/2023\/07\/P1000315-150x150.jpg\" alt=\"P1000315\" \/><\/figure><\/a><\/div><div class=\"swiper-slide\" role=\"group\" aria-roledescription=\"slide\" aria-label=\"5 of 9\"><a data-elementor-open-lightbox=\"yes\" data-elementor-lightbox-slideshow=\"ff10dfd\" data-elementor-lightbox-title=\"P1000308\" data-e-action-hash=\"#elementor-action%3Aaction%3Dlightbox%26settings%3DeyJpZCI6MTYsInVybCI6Imh0dHBzOlwvXC9lZGl0aW9uc2FyYnJlYmxhbmMuY29tXC93cC1jb250ZW50XC91cGxvYWRzXC8yMDIzXC8wN1wvUDEwMDAzMDgtc2NhbGVkLmpwZyIsInNsaWRlc2hvdyI6ImZmMTBkZmQifQ%3D%3D\" href=\"https:\/\/editionsarbreblanc.com\/wp-content\/uploads\/2023\/07\/P1000308-scaled.jpg\"><figure class=\"swiper-slide-inner\"><img decoding=\"async\" class=\"swiper-slide-image\" src=\"https:\/\/editionsarbreblanc.com\/wp-content\/uploads\/2023\/07\/P1000308-150x150.jpg\" alt=\"P1000308\" \/><\/figure><\/a><\/div><div class=\"swiper-slide\" role=\"group\" aria-roledescription=\"slide\" aria-label=\"6 of 9\"><a data-elementor-open-lightbox=\"yes\" data-elementor-lightbox-slideshow=\"ff10dfd\" data-elementor-lightbox-title=\"IMG-20230702-WA0042\" data-e-action-hash=\"#elementor-action%3Aaction%3Dlightbox%26settings%3DeyJpZCI6MTIsInVybCI6Imh0dHBzOlwvXC9lZGl0aW9uc2FyYnJlYmxhbmMuY29tXC93cC1jb250ZW50XC91cGxvYWRzXC8yMDIzXC8wN1wvSU1HLTIwMjMwNzAyLVdBMDA0Mi5qcGciLCJzbGlkZXNob3ciOiJmZjEwZGZkIn0%3D\" href=\"https:\/\/editionsarbreblanc.com\/wp-content\/uploads\/2023\/07\/IMG-20230702-WA0042.jpg\"><figure class=\"swiper-slide-inner\"><img decoding=\"async\" class=\"swiper-slide-image\" src=\"https:\/\/editionsarbreblanc.com\/wp-content\/uploads\/2023\/07\/IMG-20230702-WA0042-150x150.jpg\" alt=\"IMG-20230702-WA0042\" \/><\/figure><\/a><\/div><div class=\"swiper-slide\" role=\"group\" aria-roledescription=\"slide\" aria-label=\"7 of 9\"><a data-elementor-open-lightbox=\"yes\" data-elementor-lightbox-slideshow=\"ff10dfd\" data-elementor-lightbox-title=\"IMG-20230702-WA0036\" data-e-action-hash=\"#elementor-action%3Aaction%3Dlightbox%26settings%3DeyJpZCI6MTEsInVybCI6Imh0dHBzOlwvXC9lZGl0aW9uc2FyYnJlYmxhbmMuY29tXC93cC1jb250ZW50XC91cGxvYWRzXC8yMDIzXC8wN1wvSU1HLTIwMjMwNzAyLVdBMDAzNi5qcGciLCJzbGlkZXNob3ciOiJmZjEwZGZkIn0%3D\" href=\"https:\/\/editionsarbreblanc.com\/wp-content\/uploads\/2023\/07\/IMG-20230702-WA0036.jpg\"><figure class=\"swiper-slide-inner\"><img decoding=\"async\" class=\"swiper-slide-image\" src=\"https:\/\/editionsarbreblanc.com\/wp-content\/uploads\/2023\/07\/IMG-20230702-WA0036-150x150.jpg\" alt=\"IMG-20230702-WA0036\" \/><\/figure><\/a><\/div><div class=\"swiper-slide\" role=\"group\" aria-roledescription=\"slide\" aria-label=\"8 of 9\"><a data-elementor-open-lightbox=\"yes\" data-elementor-lightbox-slideshow=\"ff10dfd\" data-elementor-lightbox-title=\"IMG-20230702-WA0020\" data-e-action-hash=\"#elementor-action%3Aaction%3Dlightbox%26settings%3DeyJpZCI6MTAsInVybCI6Imh0dHBzOlwvXC9lZGl0aW9uc2FyYnJlYmxhbmMuY29tXC93cC1jb250ZW50XC91cGxvYWRzXC8yMDIzXC8wN1wvSU1HLTIwMjMwNzAyLVdBMDAyMC5qcGciLCJzbGlkZXNob3ciOiJmZjEwZGZkIn0%3D\" href=\"https:\/\/editionsarbreblanc.com\/wp-content\/uploads\/2023\/07\/IMG-20230702-WA0020.jpg\"><figure class=\"swiper-slide-inner\"><img decoding=\"async\" class=\"swiper-slide-image\" src=\"https:\/\/editionsarbreblanc.com\/wp-content\/uploads\/2023\/07\/IMG-20230702-WA0020-150x150.jpg\" alt=\"IMG-20230702-WA0020\" \/><\/figure><\/a><\/div><div class=\"swiper-slide\" role=\"group\" aria-roledescription=\"slide\" aria-label=\"9 of 9\"><a data-elementor-open-lightbox=\"yes\" data-elementor-lightbox-slideshow=\"ff10dfd\" data-elementor-lightbox-title=\"IMG-20230702-WA0019(1)\" data-e-action-hash=\"#elementor-action%3Aaction%3Dlightbox%26settings%3DeyJpZCI6OSwidXJsIjoiaHR0cHM6XC9cL2VkaXRpb25zYXJicmVibGFuYy5jb21cL3dwLWNvbnRlbnRcL3VwbG9hZHNcLzIwMjNcLzA3XC9JTUctMjAyMzA3MDItV0EwMDE5MS5qcGciLCJzbGlkZXNob3ciOiJmZjEwZGZkIn0%3D\" href=\"https:\/\/editionsarbreblanc.com\/wp-content\/uploads\/2023\/07\/IMG-20230702-WA00191.jpg\"><figure class=\"swiper-slide-inner\"><img decoding=\"async\" class=\"swiper-slide-image\" src=\"https:\/\/editionsarbreblanc.com\/wp-content\/uploads\/2023\/07\/IMG-20230702-WA00191-150x150.jpg\" alt=\"IMG-20230702-WA0019(1)\" \/><\/figure><\/a><\/div>\t\t\t<\/div>\n\t\t\t\t\t\t\t\t\t\t\t\t<div class=\"elementor-swiper-button elementor-swiper-button-prev\" role=\"button\" tabindex=\"0\">\n\t\t\t\t\t\t<i aria-hidden=\"true\" class=\"eicon-chevron-left\"><\/i>\t\t\t\t\t<\/div>\n\t\t\t\t\t<div class=\"elementor-swiper-button elementor-swiper-button-next\" role=\"button\" tabindex=\"0\">\n\t\t\t\t\t\t<i aria-hidden=\"true\" class=\"eicon-chevron-right\"><\/i>\t\t\t\t\t<\/div>\n\t\t\t\t\n\t\t\t\t\t\t\t\t\t<div class=\"swiper-pagination\"><\/div>\n\t\t\t\t\t\t\t\t\t<\/div>\n\t\t\t\t\t\t<\/div>\n\t\t\t\t<\/div>\n\t\t\t\t\t<\/div>\n\t\t<\/div>\n\t\t\t\t\t<\/div>\n\t\t<\/section>\n\t\t\t\t<\/div>\n\t\t","protected":false},"excerpt":{"rendered":"<p>&#8230; enfin disponible ! Premier roman du jeune auteur\u00a0J\u00e9r\u00e9my Billiot,\u00a0passionn\u00e9 par le b\u00e9hourd,\u00a0le Royaume d&#8217;Acier\u00a0vous plonge dans une \u00e9pop\u00e9e m\u00e9di\u00e9vale, \u00e0 la suite du h\u00e9ros Jeremias. De rebondissements en rebondissements, il va falloir \u00eatre entrain\u00e9 pour suivre le rythme&#8230; Prix du livre : 22 \u20ac TTC (exp\u00e9dition : \u00e0 partir du lundi 17 juillet 2023) [&hellip;]<\/p>\n","protected":false},"author":1,"featured_media":48,"parent":0,"menu_order":0,"comment_status":"open","ping_status":"closed","template":"elementor_header_footer","meta":{"ocean_post_layout":"full-width","ocean_both_sidebars_style":"","ocean_both_sidebars_content_width":0,"ocean_both_sidebars_sidebars_width":0,"ocean_sidebar":"0","ocean_second_sidebar":"0","ocean_disable_margins":"enable","ocean_add_body_class":"","ocean_shortcode_before_top_bar":"","ocean_shortcode_after_top_bar":"","ocean_shortcode_before_header":"","ocean_shortcode_after_header":"","ocean_has_shortcode":"","ocean_shortcode_after_title":"","ocean_shortcode_before_footer_widgets":"","ocean_shortcode_after_footer_widgets":"","ocean_shortcode_before_footer_bottom":"","ocean_shortcode_after_footer_bottom":"","ocean_display_top_bar":"off","ocean_display_header":"on","ocean_header_style":"minimal","ocean_center_header_left_menu":"0","ocean_custom_header_template":"0","ocean_custom_logo":28,"ocean_custom_retina_logo":0,"ocean_custom_logo_max_width":0,"ocean_custom_logo_tablet_max_width":0,"ocean_custom_logo_mobile_max_width":0,"ocean_custom_logo_max_height":0,"ocean_custom_logo_tablet_max_height":0,"ocean_custom_logo_mobile_max_height":0,"ocean_header_custom_menu":"0","ocean_menu_typo_font_family":"0","ocean_menu_typo_font_subset":"","ocean_menu_typo_font_size":0,"ocean_menu_typo_font_size_tablet":0,"ocean_menu_typo_font_size_mobile":0,"ocean_menu_typo_font_size_unit":"px","ocean_menu_typo_font_weight":"","ocean_menu_typo_font_weight_tablet":"","ocean_menu_typo_font_weight_mobile":"","ocean_menu_typo_transform":"","ocean_menu_typo_transform_tablet":"","ocean_menu_typo_transform_mobile":"","ocean_menu_typo_line_height":0,"ocean_menu_typo_line_height_tablet":0,"ocean_menu_typo_line_height_mobile":0,"ocean_menu_typo_line_height_unit":"","ocean_menu_typo_spacing":0,"ocean_menu_typo_spacing_tablet":0,"ocean_menu_typo_spacing_mobile":0,"ocean_menu_typo_spacing_unit":"","ocean_menu_link_color":"","ocean_menu_link_color_hover":"","ocean_menu_link_color_active":"","ocean_menu_link_background":"","ocean_menu_link_hover_background":"","ocean_menu_link_active_background":"","ocean_menu_social_links_bg":"","ocean_menu_social_hover_links_bg":"","ocean_menu_social_links_color":"","ocean_menu_social_hover_links_color":"","ocean_disable_title":"default","ocean_disable_heading":"default","ocean_post_title":"","ocean_post_subheading":"","ocean_post_title_style":"","ocean_post_title_background_color":"","ocean_post_title_background":0,"ocean_post_title_bg_image_position":"","ocean_post_title_bg_image_attachment":"","ocean_post_title_bg_image_repeat":"","ocean_post_title_bg_image_size":"","ocean_post_title_height":0,"ocean_post_title_bg_overlay":0.5,"ocean_post_title_bg_overlay_color":"","ocean_disable_breadcrumbs":"default","ocean_breadcrumbs_color":"","ocean_breadcrumbs_separator_color":"","ocean_breadcrumbs_links_color":"","ocean_breadcrumbs_links_hover_color":"","ocean_display_footer_widgets":"off","ocean_display_footer_bottom":"off","ocean_custom_footer_template":"0","footnotes":""},"class_list":["post-36","page","type-page","status-publish","has-post-thumbnail","hentry","entry","has-media"],"_links":{"self":[{"href":"https:\/\/editionsarbreblanc.com\/index.php?rest_route=\/wp\/v2\/pages\/36","targetHints":{"allow":["GET"]}}],"collection":[{"href":"https:\/\/editionsarbreblanc.com\/index.php?rest_route=\/wp\/v2\/pages"}],"about":[{"href":"https:\/\/editionsarbreblanc.com\/index.php?rest_route=\/wp\/v2\/types\/page"}],"author":[{"embeddable":true,"href":"https:\/\/editionsarbreblanc.com\/index.php?rest_route=\/wp\/v2\/users\/1"}],"replies":[{"embeddable":true,"href":"https:\/\/editionsarbreblanc.com\/index.php?rest_route=%2Fwp%2Fv2%2Fcomments&post=36"}],"version-history":[{"count":197,"href":"https:\/\/editionsarbreblanc.com\/index.php?rest_route=\/wp\/v2\/pages\/36\/revisions"}],"predecessor-version":[{"id":315,"href":"https:\/\/editionsarbreblanc.com\/index.php?rest_route=\/wp\/v2\/pages\/36\/revisions\/315"}],"wp:featuredmedia":[{"embeddable":true,"href":"https:\/\/editionsarbreblanc.com\/index.php?rest_route=\/wp\/v2\/media\/48"}],"wp:attachment":[{"href":"https:\/\/editionsarbreblanc.com\/index.php?rest_route=%2Fwp%2Fv2%2Fmedia&parent=36"}],"curies":[{"name":"wp","href":"https:\/\/api.w.org\/{rel}","templated":true}]}}